{"id":1638,"date":"2020-12-22T16:41:41","date_gmt":"2020-12-22T16:41:41","guid":{"rendered":"https:\/\/especiales.realinstitutoelcano.org\/agenda2030\/?page_id=1638"},"modified":"2021-02-22T06:57:13","modified_gmt":"2021-02-22T06:57:13","slug":"salud-y-bienestar","status":"publish","type":"page","link":"https:\/\/especiales.realinstitutoelcano.org\/agenda2030\/salud-y-bienestar\/","title":{"rendered":"Salud y bienestar"},"content":{"rendered":"\t\t<div data-elementor-type=\"wp-page\" data-elementor-id=\"1638\" class=\"elementor elementor-1638\" data-elementor-settings=\"[]\">\r\n\t\t\t\t\t\t<div class=\"elementor-inner\">\r\n\t\t\t\t\t\t\t<div class=\"elementor-section-wrap\">\r\n\t\t\t\t\t\t\t<section class=\"elementor-section elementor-top-section elementor-element elementor-element-7cc6394f elementor-section-content-middle elementor-section-boxed elementor-section-height-default elementor-section-height-default\" data-id=\"7cc6394f\" data-element_type=\"section\">\r\n\t\t\t\t\t\t<div class=\"elementor-container elementor-column-gap-no\">\r\n\t\t\t\t\t\t\t<div class=\"elementor-row\">\r\n\t\t\t\t\t<div class=\"elementor-column elementor-col-50 elementor-top-column elementor-element elementor-element-7160f46a columna-verde\" data-id=\"7160f46a\" data-element_type=\"column\" data-settings=\"{&quot;background_background&quot;:&quot;classic&quot;}\">\r\n\t\t\t<div class=\"elementor-column-wrap elementor-element-populated\">\r\n\t\t\t\t\t\t\t<div class=\"elementor-widget-wrap\">\r\n\t\t\t\t\t\t<div class=\"elementor-element elementor-element-732d8889 elementor-widget__width-auto elementor-widget elementor-widget-heading\" data-id=\"732d8889\" data-element_type=\"widget\" data-widget_type=\"heading.default\">\r\n\t\t\t\t<div class=\"elementor-widget-container\">\r\n\t\t\t<h6 class=\"elementor-heading-title elementor-size-default\">ODS #3<\/h6>\t\t<\/div>\r\n\t\t\t\t<\/div>\r\n\t\t\t\t<div class=\"elementor-element elementor-element-1613720e elementor-widget__width-auto elementor-widget-divider--view-line elementor-widget elementor-widget-divider\" data-id=\"1613720e\" data-element_type=\"widget\" data-widget_type=\"divider.default\">\r\n\t\t\t\t<div class=\"elementor-widget-container\">\r\n\t\t\t\t\t<div class=\"elementor-divider\">\r\n\t\t\t<span class=\"elementor-divider-separator\">\r\n\t\t\t\t\t\t<\/span>\r\n\t\t<\/div>\r\n\t\t\t\t<\/div>\r\n\t\t\t\t<\/div>\r\n\t\t\t\t<div class=\"elementor-element elementor-element-54ecd66a elementor-widget elementor-widget-heading\" data-id=\"54ecd66a\" data-element_type=\"widget\" data-widget_type=\"heading.default\">\r\n\t\t\t\t<div class=\"elementor-widget-container\">\r\n\t\t\t<h1 class=\"elementor-heading-title elementor-size-default\">Salud y bienestar<\/h1>\t\t<\/div>\r\n\t\t\t\t<\/div>\r\n\t\t\t\t<div class=\"elementor-element elementor-element-6bbe008 elementor-widget elementor-widget-text-editor\" data-id=\"6bbe008\" data-element_type=\"widget\" data-widget_type=\"text-editor.default\">\r\n\t\t\t\t<div class=\"elementor-widget-container\">\r\n\t\t\t\t\t\t\t\t<div class=\"elementor-text-editor elementor-clearfix\">\r\n\t\t\t\t<p>El ODS sobre salud y bienestar y sus metas promueven una vida sana, y mejorar el acceso universal a servicios sanitarios, con especial atenci\u00f3n a los ancianos, grupos minoritarios y de riesgo. Se renueva el compromiso mundial de acabar con las epidemias de VIH\/SIDA, tuberculosis y la malaria, como en los ODMs, pero tambi\u00e9n se adoptan metas de cobertura universal en materia de salud. Este objetivo ha salido reforzado en el contexto de <a href=\"https:\/\/especiales.realinstitutoelcano.org\/coronavirus\/\">la\u00a0pandemia del COVID-19<\/a>. El progreso en este ODS se concretar\u00e1 en la reducci\u00f3n de la mortalidad infantil y la evoluci\u00f3n de determinadas enfermedades, pero tambi\u00e9n en la reducci\u00f3n del consumo de alcohol y de la inseguridad f\u00edsica, o el acceso a servicios de salud. Adem\u00e1s, la meta 3.b sobre investigaci\u00f3n y producci\u00f3n de vacunas recibe un nuevo impulso como consecuencia de la experiencia vivida durante la pandemia.<\/p><p>El Real Instituto Elcano considera la salud como un paradigma de un bien p\u00fablico global y fomenta el an\u00e1lisis sobre su financiaci\u00f3n y gobernanza. Sigue de cerca <a href=\"https:\/\/especiales.realinstitutoelcano.org\/coronavirus\/\">el impacto del COVID-19<\/a> en diversas regiones del mundo, y analiza los cambios que est\u00e1 provocando en las relaciones internacionales y la gobernanza global.<\/p>\t\t\t\t\t<\/div>\r\n\t\t\t\t\t\t<\/div>\r\n\t\t\t\t<\/div>\r\n\t\t\t\t\t\t<\/div>\r\n\t\t\t\t\t<\/div>\r\n\t\t<\/div>\r\n\t\t\t\t<div class=\"elementor-column elementor-col-50 elementor-top-column elementor-element elementor-element-36ef71e7\" data-id=\"36ef71e7\" data-element_type=\"column\" data-settings=\"{&quot;background_background&quot;:&quot;classic&quot;}\">\r\n\t\t\t<div class=\"elementor-column-wrap elementor-element-populated\">\r\n\t\t\t\t\t<div class=\"elementor-background-overlay\"><\/div>\r\n\t\t\t\t\t\t\t<div class=\"elementor-widget-wrap\">\r\n\t\t\t\t\t\t<div class=\"elementor-element elementor-element-773f3842 elementor-widget elementor-widget-image\" data-id=\"773f3842\" data-element_type=\"widget\" data-widget_type=\"image.default\">\r\n\t\t\t\t<div class=\"elementor-widget-container\">\r\n\t\t\t\t\t\t\t\t<div class=\"elementor-image\">\r\n\t\t\t\t\t\t\t\t\t\t\t\t<img width=\"1536\" height=\"1536\" src=\"https:\/\/especiales.realinstitutoelcano.org\/agenda2030\/wp-content\/uploads\/2020\/12\/S_SDG_inverted_WEB-03.png\" class=\"attachment-full size-full\" alt=\"Icono del Objetivo de Desarrollo Sostenible Salud y bienestar\" loading=\"lazy\" srcset=\"https:\/\/especiales.realinstitutoelcano.org\/agenda2030\/wp-content\/uploads\/2020\/12\/S_SDG_inverted_WEB-03.png 1536w, https:\/\/especiales.realinstitutoelcano.org\/agenda2030\/wp-content\/uploads\/2020\/12\/S_SDG_inverted_WEB-03-300x300.png 300w, https:\/\/especiales.realinstitutoelcano.org\/agenda2030\/wp-content\/uploads\/2020\/12\/S_SDG_inverted_WEB-03-1024x1024.png 1024w, https:\/\/especiales.realinstitutoelcano.org\/agenda2030\/wp-content\/uploads\/2020\/12\/S_SDG_inverted_WEB-03-150x150.png 150w, https:\/\/especiales.realinstitutoelcano.org\/agenda2030\/wp-content\/uploads\/2020\/12\/S_SDG_inverted_WEB-03-768x768.png 768w\" sizes=\"(max-width: 1536px) 100vw, 1536px\" \/>\t\t\t\t\t\t\t\t\t\t\t\t\t\t<\/div>\r\n\t\t\t\t\t\t<\/div>\r\n\t\t\t\t<\/div>\r\n\t\t\t\t\t\t<\/div>\r\n\t\t\t\t\t<\/div>\r\n\t\t<\/div>\r\n\t\t\t\t\t\t\t\t<\/div>\r\n\t\t\t\t\t<\/div>\r\n\t\t<\/section>\r\n\t\t\t\t<section class=\"elementor-section elementor-top-section elementor-element elementor-element-61233f1 elementor-section-boxed elementor-section-height-default elementor-section-height-default\" data-id=\"61233f1\" data-element_type=\"section\">\r\n\t\t\t\t\t\t<div class=\"elementor-container elementor-column-gap-default\">\r\n\t\t\t\t\t\t\t<div class=\"elementor-row\">\r\n\t\t\t\t\t<div class=\"elementor-column elementor-col-100 elementor-top-column elementor-element elementor-element-73644837\" data-id=\"73644837\" data-element_type=\"column\">\r\n\t\t\t<div class=\"elementor-column-wrap elementor-element-populated\">\r\n\t\t\t\t\t\t\t<div class=\"elementor-widget-wrap\">\r\n\t\t\t\t\t\t<div class=\"elementor-element elementor-element-50f67e6d elementor-widget elementor-widget-shortcode\" data-id=\"50f67e6d\" data-element_type=\"widget\" data-widget_type=\"shortcode.default\">\r\n\t\t\t\t<div class=\"elementor-widget-container\">\r\n\t\t\t\t\t<div class=\"elementor-shortcode\">\t\t<section class=\"elementor-element\">\r\n\t\t<div class=\"ods-posts-list\">\r\n\t\t\t \r\n\t\t\t\t<div class=\"ods-posts-list__item\">\r\n\t\t\t\t\t<div class=\"subtitle-wrapper\">\r\n\t\t\t\t\t\t<h6 class=\"titulo-negro\">Publicaci\u00f3n <\/h6><span class=\"line line--amarilla\"><\/span>\r\n\t\t\t\t\t<\/div>\r\n\r\n\t\t\t\t\t<h2><a href=\"https:\/\/especiales.realinstitutoelcano.org\/agenda2030\/publicaciones\/serbia-y-el-bazar-geopolitico-de-la-vacuna\/\">Serbia y el bazar geopol\u00edtico de la vacuna<\/a><\/h2>\r\n\t\t\t\t\r\n\t\t\t\t\t<p><a href=\"https:\/\/especiales.realinstitutoelcano.org\/agenda2030\/publicaciones\/serbia-y-el-bazar-geopolitico-de-la-vacuna\/\">Ver detalles<\/a><\/p>\r\n\t\t\t\t\t\t\t\t\t<\/div>\r\n\t\t\t \r\n\t\t\t\t<div class=\"ods-posts-list__item\">\r\n\t\t\t\t\t<div class=\"subtitle-wrapper\">\r\n\t\t\t\t\t\t<h6 class=\"titulo-negro\">Publicaci\u00f3n <\/h6><span class=\"line line--amarilla\"><\/span>\r\n\t\t\t\t\t<\/div>\r\n\r\n\t\t\t\t\t<h2><a href=\"https:\/\/especiales.realinstitutoelcano.org\/agenda2030\/publicaciones\/vacunas-sin-integracion-y-geopolitica-en-america-latina\/\">Vacunas sin integraci\u00f3n y geopol\u00edtica en Am\u00e9rica Latina<\/a><\/h2>\r\n\t\t\t\t\r\n\t\t\t\t\t<p><a href=\"https:\/\/especiales.realinstitutoelcano.org\/agenda2030\/publicaciones\/vacunas-sin-integracion-y-geopolitica-en-america-latina\/\">Ver detalles<\/a><\/p>\r\n\t\t\t\t\t\t\t\t\t<\/div>\r\n\t\t\t \r\n\t\t\t\t<div class=\"ods-posts-list__item\">\r\n\t\t\t\t\t<div class=\"subtitle-wrapper\">\r\n\t\t\t\t\t\t<h6 class=\"titulo-negro\">Publicaci\u00f3n <\/h6><span class=\"line line--amarilla\"><\/span>\r\n\t\t\t\t\t<\/div>\r\n\r\n\t\t\t\t\t<h2><a href=\"https:\/\/especiales.realinstitutoelcano.org\/agenda2030\/publicaciones\/covid-19-geopolitica-de-la-vacuna-un-arma-para-la-seguridad-global\/\">COVID-19: geopol\u00edtica de la vacuna, un arma para la seguridad global<\/a><\/h2>\r\n\t\t\t\t\r\n\t\t\t\t\t<p><a href=\"https:\/\/especiales.realinstitutoelcano.org\/agenda2030\/publicaciones\/covid-19-geopolitica-de-la-vacuna-un-arma-para-la-seguridad-global\/\">Ver detalles<\/a><\/p>\r\n\t\t\t\t\t\t\t\t\t<\/div>\r\n\t\t\t \r\n\t\t\t\t<div class=\"ods-posts-list__item\">\r\n\t\t\t\t\t<div class=\"subtitle-wrapper\">\r\n\t\t\t\t\t\t<h6 class=\"titulo-negro\">Publicaci\u00f3n <\/h6><span class=\"line line--amarilla\"><\/span>\r\n\t\t\t\t\t<\/div>\r\n\r\n\t\t\t\t\t<h2><a href=\"https:\/\/especiales.realinstitutoelcano.org\/agenda2030\/publicaciones\/la-gestion-de-pandemias-como-el-covid-19-en-espana-enfoque-de-salud-o-de-seguridad\/\">La gesti\u00f3n de pandemias como el COVID-19 en Espa\u00f1a: \u00bfenfoque de salud o de seguridad?<\/a><\/h2>\r\n\t\t\t\t\r\n\t\t\t\t\t<p><a href=\"https:\/\/especiales.realinstitutoelcano.org\/agenda2030\/publicaciones\/la-gestion-de-pandemias-como-el-covid-19-en-espana-enfoque-de-salud-o-de-seguridad\/\">Ver detalles<\/a><\/p>\r\n\t\t\t\t\t\t\t\t\t<\/div>\r\n\t\t\t \r\n\t\t\t\t<div class=\"ods-posts-list__item\">\r\n\t\t\t\t\t<div class=\"subtitle-wrapper\">\r\n\t\t\t\t\t\t<h6 class=\"titulo-negro\">Publicaci\u00f3n <\/h6><span class=\"line line--amarilla\"><\/span>\r\n\t\t\t\t\t<\/div>\r\n\r\n\t\t\t\t\t<h2><a href=\"https:\/\/especiales.realinstitutoelcano.org\/agenda2030\/publicaciones\/el-coronavirus-como-termometro-de-la-politica-de-salud-global\/\">El coronavirus como term\u00f3metro de la pol\u00edtica de salud global<\/a><\/h2>\r\n\t\t\t\t\r\n\t\t\t\t\t<p><a href=\"https:\/\/especiales.realinstitutoelcano.org\/agenda2030\/publicaciones\/el-coronavirus-como-termometro-de-la-politica-de-salud-global\/\">Ver detalles<\/a><\/p>\r\n\t\t\t\t\t\t\t\t\t<\/div>\r\n\t\t\t \r\n\t\t\t\t<div class=\"ods-posts-list__item\">\r\n\t\t\t\t\t<div class=\"subtitle-wrapper\">\r\n\t\t\t\t\t\t<h6 class=\"titulo-negro\">Publicaci\u00f3n <\/h6><span class=\"line line--amarilla\"><\/span>\r\n\t\t\t\t\t<\/div>\r\n\r\n\t\t\t\t\t<h2><a href=\"https:\/\/especiales.realinstitutoelcano.org\/agenda2030\/publicaciones\/sostenibilidad-ambiental-genero-o-interes-nacional-las-narrativas-de-la-ayuda-en-salud\/\">Sostenibilidad ambiental, g\u00e9nero o inter\u00e9s nacional: las narrativas de la ayuda en salud<\/a><\/h2>\r\n\t\t\t\t\r\n\t\t\t\t\t<p><a href=\"https:\/\/especiales.realinstitutoelcano.org\/agenda2030\/publicaciones\/sostenibilidad-ambiental-genero-o-interes-nacional-las-narrativas-de-la-ayuda-en-salud\/\">Ver detalles<\/a><\/p>\r\n\t\t\t\t\t\t\t\t\t<\/div>\r\n\t\t\t \r\n\t\t\t\t<div class=\"ods-posts-list__item\">\r\n\t\t\t\t\t<div class=\"subtitle-wrapper\">\r\n\t\t\t\t\t\t<h6 class=\"titulo-negro\">Publicaci\u00f3n <\/h6><span class=\"line line--amarilla\"><\/span>\r\n\t\t\t\t\t<\/div>\r\n\r\n\t\t\t\t\t<h2><a href=\"https:\/\/especiales.realinstitutoelcano.org\/agenda2030\/publicaciones\/los-riesgos-y-oportunidades-del-covid-19-para-el-desarrollo-de-los-paises-pobres\/\">Los riesgos y oportunidades del COVID-19 para el desarrollo de los pa\u00edses pobres<\/a><\/h2>\r\n\t\t\t\t\r\n\t\t\t\t\t<p><a href=\"https:\/\/especiales.realinstitutoelcano.org\/agenda2030\/publicaciones\/los-riesgos-y-oportunidades-del-covid-19-para-el-desarrollo-de-los-paises-pobres\/\">Ver detalles<\/a><\/p>\r\n\t\t\t\t\t\t\t\t\t<\/div>\r\n\t\t\t \r\n\t\t\t\t<div class=\"ods-posts-list__item\">\r\n\t\t\t\t\t<div class=\"subtitle-wrapper\">\r\n\t\t\t\t\t\t<h6 class=\"titulo-negro\">Publicaci\u00f3n <\/h6><span class=\"line line--amarilla\"><\/span>\r\n\t\t\t\t\t<\/div>\r\n\r\n\t\t\t\t\t<h2><a href=\"https:\/\/especiales.realinstitutoelcano.org\/agenda2030\/publicaciones\/la-salud-global-y-las-dificultades-practicas-en-la-implementacion-de-la-agenda-2030\/\">La salud global y las dificultades pr\u00e1cticas en la implementaci\u00f3n de la Agenda 2030<\/a><\/h2>\r\n\t\t\t\t\r\n\t\t\t\t\t<p><a href=\"https:\/\/especiales.realinstitutoelcano.org\/agenda2030\/publicaciones\/la-salud-global-y-las-dificultades-practicas-en-la-implementacion-de-la-agenda-2030\/\">Ver detalles<\/a><\/p>\r\n\t\t\t\t\t\t\t\t\t<\/div>\r\n\t\t\t\t\t<\/div>\r\n\t\t<\/section>\r\n\t<\/div>\r\n\t\t\t\t<\/div>\r\n\t\t\t\t<\/div>\r\n\t\t\t\t\t\t<\/div>\r\n\t\t\t\t\t<\/div>\r\n\t\t<\/div>\r\n\t\t\t\t\t\t\t\t<\/div>\r\n\t\t\t\t\t<\/div>\r\n\t\t<\/section>\r\n\t\t\t\t\t\t<\/div>\r\n\t\t\t\t\t\t<\/div>\r\n\t\t\t\t\t<\/div>\r\n\t\t","protected":false},"excerpt":{"rendered":"<p>ODS #3 Salud y bienestar El ODS sobre salud y bienestar y sus metas promueven una vida sana, y mejorar el acceso universal a servicios sanitarios, con especial atenci\u00f3n a los ancianos, grupos minoritarios y de riesgo. Se renueva el compromiso mundial de acabar con las epidemias de VIH\/SIDA, tuberculosis y la malaria, como en &hellip;<\/p>\n<p class=\"read-more\"> <a class=\"\" href=\"https:\/\/especiales.realinstitutoelcano.org\/agenda2030\/salud-y-bienestar\/\"> <span class=\"screen-reader-text\">Salud y bienestar<\/span> Leer m\u00e1s &raquo;<\/a><\/p>\n","protected":false},"author":1,"featured_media":0,"parent":0,"menu_order":0,"comment_status":"closed","ping_status":"closed","template":"","meta":[],"acf":[],"yoast_head":"<!-- This site is optimized with the Yoast SEO plugin v17.8 - https:\/\/yoast.com\/wordpress\/plugins\/seo\/ -->\n<title>Salud y bienestar - Elcano y la Agenda 2030<\/title>\n<meta name=\"description\" content=\"Publicaciones y actividades del Real Instituto Elcano sobre el ODS 3 (Salud y bienestar) de la Agenda 2030.\" \/>\n<meta name=\"robots\" content=\"index, follow, max-snippet:-1, max-image-preview:large, max-video-preview:-1\" \/>\n<link rel=\"canonical\" href=\"https:\/\/especiales.realinstitutoelcano.org\/agenda2030\/salud-y-bienestar\/\" \/>\n<meta property=\"og:locale\" content=\"es_ES\" \/>\n<meta property=\"og:type\" content=\"article\" \/>\n<meta property=\"og:title\" content=\"Salud y bienestar - Elcano y la Agenda 2030\" \/>\n<meta property=\"og:description\" content=\"Publicaciones y actividades del Real Instituto Elcano sobre el ODS 3 (Salud y bienestar) de la Agenda 2030.\" \/>\n<meta property=\"og:url\" content=\"https:\/\/especiales.realinstitutoelcano.org\/agenda2030\/salud-y-bienestar\/\" \/>\n<meta property=\"og:site_name\" content=\"Elcano y la Agenda 2030\" \/>\n<meta property=\"article:modified_time\" content=\"2021-02-22T06:57:13+00:00\" \/>\n<meta property=\"og:image\" content=\"https:\/\/especiales.realinstitutoelcano.org\/agenda2030\/wp-content\/uploads\/2020\/12\/S_SDG_inverted_WEB-03.png\" \/>\n<meta name=\"twitter:card\" content=\"summary_large_image\" \/>\n<meta name=\"twitter:label1\" content=\"Tiempo de lectura\" \/>\n\t<meta name=\"twitter:data1\" content=\"2 minutos\" \/>\n<script type=\"application\/ld+json\" class=\"yoast-schema-graph\">{\"@context\":\"https:\/\/schema.org\",\"@graph\":[{\"@type\":\"Organization\",\"@id\":\"https:\/\/especiales.realinstitutoelcano.org\/agenda2030\/?lang=en\/#organization\",\"name\":\"Real Instituto Elcano\",\"url\":\"https:\/\/especiales.realinstitutoelcano.org\/agenda2030\/?lang=en\/\",\"sameAs\":[],\"logo\":{\"@type\":\"ImageObject\",\"@id\":\"https:\/\/especiales.realinstitutoelcano.org\/agenda2030\/?lang=en\/#logo\",\"inLanguage\":\"es\",\"url\":\"https:\/\/especiales.realinstitutoelcano.org\/agenda2030\/wp-content\/uploads\/2020\/11\/logo.png\",\"contentUrl\":\"https:\/\/especiales.realinstitutoelcano.org\/agenda2030\/wp-content\/uploads\/2020\/11\/logo.png\",\"width\":223,\"height\":120,\"caption\":\"Real Instituto Elcano\"},\"image\":{\"@id\":\"https:\/\/especiales.realinstitutoelcano.org\/agenda2030\/?lang=en\/#logo\"}},{\"@type\":\"WebSite\",\"@id\":\"https:\/\/especiales.realinstitutoelcano.org\/agenda2030\/?lang=en\/#website\",\"url\":\"https:\/\/especiales.realinstitutoelcano.org\/agenda2030\/?lang=en\/\",\"name\":\"Elcano y la Agenda 2030\",\"description\":\"Especial sobre las publicaciones, an\\u00e1lisis y actividades del Real Instituto Elcano en el marco de los ODS y la Agenda 2030.\",\"publisher\":{\"@id\":\"https:\/\/especiales.realinstitutoelcano.org\/agenda2030\/?lang=en\/#organization\"},\"potentialAction\":[{\"@type\":\"SearchAction\",\"target\":{\"@type\":\"EntryPoint\",\"urlTemplate\":\"https:\/\/especiales.realinstitutoelcano.org\/agenda2030\/?lang=en\/?s={search_term_string}\"},\"query-input\":\"required name=search_term_string\"}],\"inLanguage\":\"es\"},{\"@type\":\"ImageObject\",\"@id\":\"https:\/\/especiales.realinstitutoelcano.org\/agenda2030\/salud-y-bienestar\/#primaryimage\",\"inLanguage\":\"es\",\"url\":\"https:\/\/especiales.realinstitutoelcano.org\/agenda2030\/wp-content\/uploads\/2020\/12\/S_SDG_inverted_WEB-03.png\",\"contentUrl\":\"https:\/\/especiales.realinstitutoelcano.org\/agenda2030\/wp-content\/uploads\/2020\/12\/S_SDG_inverted_WEB-03.png\",\"width\":1536,\"height\":1536,\"caption\":\"Icono del Objetivo de Desarrollo Sostenible Salud y bienestar\"},{\"@type\":\"WebPage\",\"@id\":\"https:\/\/especiales.realinstitutoelcano.org\/agenda2030\/salud-y-bienestar\/#webpage\",\"url\":\"https:\/\/especiales.realinstitutoelcano.org\/agenda2030\/salud-y-bienestar\/\",\"name\":\"Salud y bienestar - Elcano y la Agenda 2030\",\"isPartOf\":{\"@id\":\"https:\/\/especiales.realinstitutoelcano.org\/agenda2030\/?lang=en\/#website\"},\"primaryImageOfPage\":{\"@id\":\"https:\/\/especiales.realinstitutoelcano.org\/agenda2030\/salud-y-bienestar\/#primaryimage\"},\"datePublished\":\"2020-12-22T16:41:41+00:00\",\"dateModified\":\"2021-02-22T06:57:13+00:00\",\"description\":\"Publicaciones y actividades del Real Instituto Elcano sobre el ODS 3 (Salud y bienestar) de la Agenda 2030.\",\"breadcrumb\":{\"@id\":\"https:\/\/especiales.realinstitutoelcano.org\/agenda2030\/salud-y-bienestar\/#breadcrumb\"},\"inLanguage\":\"es\",\"potentialAction\":[{\"@type\":\"ReadAction\",\"target\":[\"https:\/\/especiales.realinstitutoelcano.org\/agenda2030\/salud-y-bienestar\/\"]}]},{\"@type\":\"BreadcrumbList\",\"@id\":\"https:\/\/especiales.realinstitutoelcano.org\/agenda2030\/salud-y-bienestar\/#breadcrumb\",\"itemListElement\":[{\"@type\":\"ListItem\",\"position\":1,\"name\":\"Home\",\"item\":\"https:\/\/especiales.realinstitutoelcano.org\/agenda2030\/\"},{\"@type\":\"ListItem\",\"position\":2,\"name\":\"Salud y bienestar\"}]}]}<\/script>\n<!-- \/ Yoast SEO plugin. -->","yoast_head_json":{"title":"Salud y bienestar - Elcano y la Agenda 2030","description":"Publicaciones y actividades del Real Instituto Elcano sobre el ODS 3 (Salud y bienestar) de la Agenda 2030.","robots":{"index":"index","follow":"follow","max-snippet":"max-snippet:-1","max-image-preview":"max-image-preview:large","max-video-preview":"max-video-preview:-1"},"canonical":"https:\/\/especiales.realinstitutoelcano.org\/agenda2030\/salud-y-bienestar\/","og_locale":"es_ES","og_type":"article","og_title":"Salud y bienestar - Elcano y la Agenda 2030","og_description":"Publicaciones y actividades del Real Instituto Elcano sobre el ODS 3 (Salud y bienestar) de la Agenda 2030.","og_url":"https:\/\/especiales.realinstitutoelcano.org\/agenda2030\/salud-y-bienestar\/","og_site_name":"Elcano y la Agenda 2030","article_modified_time":"2021-02-22T06:57:13+00:00","og_image":[{"url":"https:\/\/especiales.realinstitutoelcano.org\/agenda2030\/wp-content\/uploads\/2020\/12\/S_SDG_inverted_WEB-03.png"}],"twitter_card":"summary_large_image","twitter_misc":{"Tiempo de lectura":"2 minutos"},"schema":{"@context":"https:\/\/schema.org","@graph":[{"@type":"Organization","@id":"https:\/\/especiales.realinstitutoelcano.org\/agenda2030\/?lang=en\/#organization","name":"Real Instituto Elcano","url":"https:\/\/especiales.realinstitutoelcano.org\/agenda2030\/?lang=en\/","sameAs":[],"logo":{"@type":"ImageObject","@id":"https:\/\/especiales.realinstitutoelcano.org\/agenda2030\/?lang=en\/#logo","inLanguage":"es","url":"https:\/\/especiales.realinstitutoelcano.org\/agenda2030\/wp-content\/uploads\/2020\/11\/logo.png","contentUrl":"https:\/\/especiales.realinstitutoelcano.org\/agenda2030\/wp-content\/uploads\/2020\/11\/logo.png","width":223,"height":120,"caption":"Real Instituto Elcano"},"image":{"@id":"https:\/\/especiales.realinstitutoelcano.org\/agenda2030\/?lang=en\/#logo"}},{"@type":"WebSite","@id":"https:\/\/especiales.realinstitutoelcano.org\/agenda2030\/?lang=en\/#website","url":"https:\/\/especiales.realinstitutoelcano.org\/agenda2030\/?lang=en\/","name":"Elcano y la Agenda 2030","description":"Especial sobre las publicaciones, an\u00e1lisis y actividades del Real Instituto Elcano en el marco de los ODS y la Agenda 2030.","publisher":{"@id":"https:\/\/especiales.realinstitutoelcano.org\/agenda2030\/?lang=en\/#organization"},"potentialAction":[{"@type":"SearchAction","target":{"@type":"EntryPoint","urlTemplate":"https:\/\/especiales.realinstitutoelcano.org\/agenda2030\/?lang=en\/?s={search_term_string}"},"query-input":"required name=search_term_string"}],"inLanguage":"es"},{"@type":"ImageObject","@id":"https:\/\/especiales.realinstitutoelcano.org\/agenda2030\/salud-y-bienestar\/#primaryimage","inLanguage":"es","url":"https:\/\/especiales.realinstitutoelcano.org\/agenda2030\/wp-content\/uploads\/2020\/12\/S_SDG_inverted_WEB-03.png","contentUrl":"https:\/\/especiales.realinstitutoelcano.org\/agenda2030\/wp-content\/uploads\/2020\/12\/S_SDG_inverted_WEB-03.png","width":1536,"height":1536,"caption":"Icono del Objetivo de Desarrollo Sostenible Salud y bienestar"},{"@type":"WebPage","@id":"https:\/\/especiales.realinstitutoelcano.org\/agenda2030\/salud-y-bienestar\/#webpage","url":"https:\/\/especiales.realinstitutoelcano.org\/agenda2030\/salud-y-bienestar\/","name":"Salud y bienestar - Elcano y la Agenda 2030","isPartOf":{"@id":"https:\/\/especiales.realinstitutoelcano.org\/agenda2030\/?lang=en\/#website"},"primaryImageOfPage":{"@id":"https:\/\/especiales.realinstitutoelcano.org\/agenda2030\/salud-y-bienestar\/#primaryimage"},"datePublished":"2020-12-22T16:41:41+00:00","dateModified":"2021-02-22T06:57:13+00:00","description":"Publicaciones y actividades del Real Instituto Elcano sobre el ODS 3 (Salud y bienestar) de la Agenda 2030.","breadcrumb":{"@id":"https:\/\/especiales.realinstitutoelcano.org\/agenda2030\/salud-y-bienestar\/#breadcrumb"},"inLanguage":"es","potentialAction":[{"@type":"ReadAction","target":["https:\/\/especiales.realinstitutoelcano.org\/agenda2030\/salud-y-bienestar\/"]}]},{"@type":"BreadcrumbList","@id":"https:\/\/especiales.realinstitutoelcano.org\/agenda2030\/salud-y-bienestar\/#breadcrumb","itemListElement":[{"@type":"ListItem","position":1,"name":"Home","item":"https:\/\/especiales.realinstitutoelcano.org\/agenda2030\/"},{"@type":"ListItem","position":2,"name":"Salud y bienestar"}]}]}},"_links":{"self":[{"href":"https:\/\/especiales.realinstitutoelcano.org\/agenda2030\/wp-json\/wp\/v2\/pages\/1638"}],"collection":[{"href":"https:\/\/especiales.realinstitutoelcano.org\/agenda2030\/wp-json\/wp\/v2\/pages"}],"about":[{"href":"https:\/\/especiales.realinstitutoelcano.org\/agenda2030\/wp-json\/wp\/v2\/types\/page"}],"author":[{"embeddable":true,"href":"https:\/\/especiales.realinstitutoelcano.org\/agenda2030\/wp-json\/wp\/v2\/users\/1"}],"replies":[{"embeddable":true,"href":"https:\/\/especiales.realinstitutoelcano.org\/agenda2030\/wp-json\/wp\/v2\/comments?post=1638"}],"version-history":[{"count":33,"href":"https:\/\/especiales.realinstitutoelcano.org\/agenda2030\/wp-json\/wp\/v2\/pages\/1638\/revisions"}],"predecessor-version":[{"id":3786,"href":"https:\/\/especiales.realinstitutoelcano.org\/agenda2030\/wp-json\/wp\/v2\/pages\/1638\/revisions\/3786"}],"wp:attachment":[{"href":"https:\/\/especiales.realinstitutoelcano.org\/agenda2030\/wp-json\/wp\/v2\/media?parent=1638"}],"curies":[{"name":"wp","href":"https:\/\/api.w.org\/{rel}","templated":true}]}}