{"id":1698,"date":"2020-12-23T14:36:57","date_gmt":"2020-12-23T14:36:57","guid":{"rendered":"https:\/\/especiales.realinstitutoelcano.org\/agenda2030\/?page_id=1698"},"modified":"2021-02-22T06:55:05","modified_gmt":"2021-02-22T06:55:05","slug":"energia-asequible-y-no-contaminante","status":"publish","type":"page","link":"https:\/\/especiales.realinstitutoelcano.org\/agenda2030\/energia-asequible-y-no-contaminante\/","title":{"rendered":"Energ\u00eda asequible y no contaminante"},"content":{"rendered":"\t\t<div data-elementor-type=\"wp-page\" data-elementor-id=\"1698\" class=\"elementor elementor-1698\" data-elementor-settings=\"[]\">\r\n\t\t\t\t\t\t<div class=\"elementor-inner\">\r\n\t\t\t\t\t\t\t<div class=\"elementor-section-wrap\">\r\n\t\t\t\t\t\t\t<section class=\"elementor-section elementor-top-section elementor-element elementor-element-7cc6394f elementor-section-content-middle elementor-section-boxed elementor-section-height-default elementor-section-height-default\" data-id=\"7cc6394f\" data-element_type=\"section\">\r\n\t\t\t\t\t\t<div class=\"elementor-container elementor-column-gap-no\">\r\n\t\t\t\t\t\t\t<div class=\"elementor-row\">\r\n\t\t\t\t\t<div class=\"elementor-column elementor-col-50 elementor-top-column elementor-element elementor-element-7160f46a columna-verde\" data-id=\"7160f46a\" data-element_type=\"column\" data-settings=\"{&quot;background_background&quot;:&quot;classic&quot;}\">\r\n\t\t\t<div class=\"elementor-column-wrap elementor-element-populated\">\r\n\t\t\t\t\t\t\t<div class=\"elementor-widget-wrap\">\r\n\t\t\t\t\t\t<div class=\"elementor-element elementor-element-732d8889 elementor-widget__width-auto elementor-widget elementor-widget-heading\" data-id=\"732d8889\" data-element_type=\"widget\" data-widget_type=\"heading.default\">\r\n\t\t\t\t<div class=\"elementor-widget-container\">\r\n\t\t\t<h6 class=\"elementor-heading-title elementor-size-default\">ODS #7<\/h6>\t\t<\/div>\r\n\t\t\t\t<\/div>\r\n\t\t\t\t<div class=\"elementor-element elementor-element-1613720e elementor-widget__width-auto elementor-widget-divider--view-line elementor-widget elementor-widget-divider\" data-id=\"1613720e\" data-element_type=\"widget\" data-widget_type=\"divider.default\">\r\n\t\t\t\t<div class=\"elementor-widget-container\">\r\n\t\t\t\t\t<div class=\"elementor-divider\">\r\n\t\t\t<span class=\"elementor-divider-separator\">\r\n\t\t\t\t\t\t<\/span>\r\n\t\t<\/div>\r\n\t\t\t\t<\/div>\r\n\t\t\t\t<\/div>\r\n\t\t\t\t<div class=\"elementor-element elementor-element-54ecd66a elementor-widget elementor-widget-heading\" data-id=\"54ecd66a\" data-element_type=\"widget\" data-widget_type=\"heading.default\">\r\n\t\t\t\t<div class=\"elementor-widget-container\">\r\n\t\t\t<h1 class=\"elementor-heading-title elementor-size-default\">Energ\u00eda asequible y no contaminante<\/h1>\t\t<\/div>\r\n\t\t\t\t<\/div>\r\n\t\t\t\t<div class=\"elementor-element elementor-element-6bbe008 elementor-widget elementor-widget-text-editor\" data-id=\"6bbe008\" data-element_type=\"widget\" data-widget_type=\"text-editor.default\">\r\n\t\t\t\t<div class=\"elementor-widget-container\">\r\n\t\t\t\t\t\t\t\t<div class=\"elementor-text-editor elementor-clearfix\">\r\n\t\t\t\t<p>Garantizar el acceso universal a la energ\u00eda sostenible y asequible se ha convertido en un objetivo compartido por todos los gobiernos en asociaci\u00f3n con el sector privado.\u00a0Esto incluye reforzar la cooperaci\u00f3n internacional con el fin de mejorar y difundir la energ\u00eda renovable y la eficiencia energ\u00e9tica.<\/p><p>El Programa de <a href=\"http:\/\/www.realinstitutoelcano.org\/wps\/portal\/rielcano_es\/temas\/energia\" target=\"_blank\" rel=\"noopener\">Energ\u00eda<\/a> y <a href=\"http:\/\/www.realinstitutoelcano.org\/wps\/portal\/rielcano_es\/temas\/cambio-climatico\" target=\"_blank\" rel=\"noopener\">Clima<\/a> del Real Instituto Elcano presta especial atenci\u00f3n a la transici\u00f3n energ\u00e9tica en Espa\u00f1a y sus implicaciones en los compromisos en la materia suscritos a escala europea y global.\u00a0Los temas espec\u00edficos de esta \u00e1rea de investigaci\u00f3n incluyen la\u00a0Cumbre de Par\u00eds y las siguientes Conferencias de la COP, la <a href=\"https:\/\/www.miteco.gob.es\/es\/ministerio\/proyecto-de-ley-de-cambio-climatico-y-transicion-energetica.aspx\" target=\"_blank\" rel=\"noopener\">Ley espa\u00f1ola de Cambio Clim\u00e1tico y Transici\u00f3n Energ\u00e9tica<\/a>, y <a href=\"https:\/\/ec.europa.eu\/info\/strategy\/priorities-2019-2024\/european-green-deal_es\" target=\"_blank\" rel=\"noopener\">el Pacto Verde Europeo<\/a>.<\/p>\t\t\t\t\t<\/div>\r\n\t\t\t\t\t\t<\/div>\r\n\t\t\t\t<\/div>\r\n\t\t\t\t\t\t<\/div>\r\n\t\t\t\t\t<\/div>\r\n\t\t<\/div>\r\n\t\t\t\t<div class=\"elementor-column elementor-col-50 elementor-top-column elementor-element elementor-element-36ef71e7\" data-id=\"36ef71e7\" data-element_type=\"column\" data-settings=\"{&quot;background_background&quot;:&quot;classic&quot;}\">\r\n\t\t\t<div class=\"elementor-column-wrap elementor-element-populated\">\r\n\t\t\t\t\t<div class=\"elementor-background-overlay\"><\/div>\r\n\t\t\t\t\t\t\t<div class=\"elementor-widget-wrap\">\r\n\t\t\t\t\t\t<div class=\"elementor-element elementor-element-773f3842 elementor-widget elementor-widget-image\" data-id=\"773f3842\" data-element_type=\"widget\" data-widget_type=\"image.default\">\r\n\t\t\t\t<div class=\"elementor-widget-container\">\r\n\t\t\t\t\t\t\t\t<div class=\"elementor-image\">\r\n\t\t\t\t\t\t\t\t\t\t\t\t<img width=\"1536\" height=\"1536\" src=\"https:\/\/especiales.realinstitutoelcano.org\/agenda2030\/wp-content\/uploads\/2020\/12\/S_SDG_inverted_WEB-07.png\" class=\"attachment-full size-full\" alt=\"Icono del Objetivo de Desarrollo Sostenible Energ\u00eda asequible y no contaminante\" loading=\"lazy\" srcset=\"https:\/\/especiales.realinstitutoelcano.org\/agenda2030\/wp-content\/uploads\/2020\/12\/S_SDG_inverted_WEB-07.png 1536w, https:\/\/especiales.realinstitutoelcano.org\/agenda2030\/wp-content\/uploads\/2020\/12\/S_SDG_inverted_WEB-07-300x300.png 300w, https:\/\/especiales.realinstitutoelcano.org\/agenda2030\/wp-content\/uploads\/2020\/12\/S_SDG_inverted_WEB-07-1024x1024.png 1024w, https:\/\/especiales.realinstitutoelcano.org\/agenda2030\/wp-content\/uploads\/2020\/12\/S_SDG_inverted_WEB-07-150x150.png 150w, https:\/\/especiales.realinstitutoelcano.org\/agenda2030\/wp-content\/uploads\/2020\/12\/S_SDG_inverted_WEB-07-768x768.png 768w\" sizes=\"(max-width: 1536px) 100vw, 1536px\" \/>\t\t\t\t\t\t\t\t\t\t\t\t\t\t<\/div>\r\n\t\t\t\t\t\t<\/div>\r\n\t\t\t\t<\/div>\r\n\t\t\t\t\t\t<\/div>\r\n\t\t\t\t\t<\/div>\r\n\t\t<\/div>\r\n\t\t\t\t\t\t\t\t<\/div>\r\n\t\t\t\t\t<\/div>\r\n\t\t<\/section>\r\n\t\t\t\t<section class=\"elementor-section elementor-top-section elementor-element elementor-element-61233f1 elementor-section-boxed elementor-section-height-default elementor-section-height-default\" data-id=\"61233f1\" data-element_type=\"section\">\r\n\t\t\t\t\t\t<div class=\"elementor-container elementor-column-gap-default\">\r\n\t\t\t\t\t\t\t<div class=\"elementor-row\">\r\n\t\t\t\t\t<div class=\"elementor-column elementor-col-100 elementor-top-column elementor-element elementor-element-73644837\" data-id=\"73644837\" data-element_type=\"column\">\r\n\t\t\t<div class=\"elementor-column-wrap elementor-element-populated\">\r\n\t\t\t\t\t\t\t<div class=\"elementor-widget-wrap\">\r\n\t\t\t\t\t\t<div class=\"elementor-element elementor-element-50f67e6d elementor-widget elementor-widget-shortcode\" data-id=\"50f67e6d\" data-element_type=\"widget\" data-widget_type=\"shortcode.default\">\r\n\t\t\t\t<div class=\"elementor-widget-container\">\r\n\t\t\t\t\t<div class=\"elementor-shortcode\">\t\t<section class=\"elementor-element\">\r\n\t\t<div class=\"ods-posts-list\">\r\n\t\t\t \r\n\t\t\t\t<div class=\"ods-posts-list__item\">\r\n\t\t\t\t\t<div class=\"subtitle-wrapper\">\r\n\t\t\t\t\t\t<h6 class=\"titulo-negro\">Publicaci\u00f3n <\/h6><span class=\"line line--amarilla\"><\/span>\r\n\t\t\t\t\t<\/div>\r\n\r\n\t\t\t\t\t<h2><a href=\"https:\/\/especiales.realinstitutoelcano.org\/agenda2030\/publicaciones\/siete-tendencias-climaticas-y-energeticas-a-seguir-en-2021\/\">Siete tendencias clim\u00e1ticas y energ\u00e9ticas a seguir en 2021<\/a><\/h2>\r\n\t\t\t\t\r\n\t\t\t\t\t<p><a href=\"https:\/\/especiales.realinstitutoelcano.org\/agenda2030\/publicaciones\/siete-tendencias-climaticas-y-energeticas-a-seguir-en-2021\/\">Ver detalles<\/a><\/p>\r\n\t\t\t\t\t\t\t\t\t<\/div>\r\n\t\t\t \r\n\t\t\t\t<div class=\"ods-posts-list__item\">\r\n\t\t\t\t\t<div class=\"subtitle-wrapper\">\r\n\t\t\t\t\t\t<h6 class=\"titulo-negro\">Publicaci\u00f3n <\/h6><span class=\"line line--amarilla\"><\/span>\r\n\t\t\t\t\t<\/div>\r\n\r\n\t\t\t\t\t<h2><a href=\"https:\/\/especiales.realinstitutoelcano.org\/agenda2030\/publicaciones\/h2med-impulsores-y-barreras-geopoliticos-y-geoeconomicos-para-el-hidrogeno-en-el-mediterraneo-2\/\">H2Med: impulsores y barreras geopol\u00edticos y geoecon\u00f3micos para el hidr\u00f3geno en el Mediterr\u00e1neo<\/a><\/h2>\r\n\t\t\t\t\r\n\t\t\t\t\t<p><a href=\"https:\/\/especiales.realinstitutoelcano.org\/agenda2030\/publicaciones\/h2med-impulsores-y-barreras-geopoliticos-y-geoeconomicos-para-el-hidrogeno-en-el-mediterraneo-2\/\">Ver detalles<\/a><\/p>\r\n\t\t\t\t\t\t\t\t\t<\/div>\r\n\t\t\t \r\n\t\t\t\t<div class=\"ods-posts-list__item\">\r\n\t\t\t\t\t<div class=\"subtitle-wrapper\">\r\n\t\t\t\t\t\t<h6 class=\"titulo-negro\">Publicaci\u00f3n <\/h6><span class=\"line line--amarilla\"><\/span>\r\n\t\t\t\t\t<\/div>\r\n\r\n\t\t\t\t\t<h2><a href=\"https:\/\/especiales.realinstitutoelcano.org\/agenda2030\/publicaciones\/prediccion-del-comportamiento-en-el-suministro-seguro-de-los-metales-de-interes-energetico-la-actualidad-del-litio-cobalto-y-grafito-2\/\">Predicci\u00f3n del comportamiento en el suministro seguro de los metales de inter\u00e9s energ\u00e9tico: la actualidad del litio, cobalto y grafito<\/a><\/h2>\r\n\t\t\t\t\r\n\t\t\t\t\t<p><a href=\"https:\/\/especiales.realinstitutoelcano.org\/agenda2030\/publicaciones\/prediccion-del-comportamiento-en-el-suministro-seguro-de-los-metales-de-interes-energetico-la-actualidad-del-litio-cobalto-y-grafito-2\/\">Ver detalles<\/a><\/p>\r\n\t\t\t\t\t\t\t\t\t<\/div>\r\n\t\t\t \r\n\t\t\t\t<div class=\"ods-posts-list__item\">\r\n\t\t\t\t\t<div class=\"subtitle-wrapper\">\r\n\t\t\t\t\t\t<h6 class=\"titulo-negro\">Publicaci\u00f3n <\/h6><span class=\"line line--amarilla\"><\/span>\r\n\t\t\t\t\t<\/div>\r\n\r\n\t\t\t\t\t<h2><a href=\"https:\/\/especiales.realinstitutoelcano.org\/agenda2030\/publicaciones\/la-grand-inga-dam-a-traves-del-corazon-de-africa\/\">La Grand Inga Dam: a trav\u00e9s del coraz\u00f3n de \u00c1frica<\/a><\/h2>\r\n\t\t\t\t\r\n\t\t\t\t\t<p><a href=\"https:\/\/especiales.realinstitutoelcano.org\/agenda2030\/publicaciones\/la-grand-inga-dam-a-traves-del-corazon-de-africa\/\">Ver detalles<\/a><\/p>\r\n\t\t\t\t\t\t\t\t\t<\/div>\r\n\t\t\t \r\n\t\t\t\t<div class=\"ods-posts-list__item\">\r\n\t\t\t\t\t<div class=\"subtitle-wrapper\">\r\n\t\t\t\t\t\t<h6 class=\"titulo-negro\">Publicaci\u00f3n <\/h6><span class=\"line line--amarilla\"><\/span>\r\n\t\t\t\t\t<\/div>\r\n\r\n\t\t\t\t\t<h2><a href=\"https:\/\/especiales.realinstitutoelcano.org\/agenda2030\/publicaciones\/hacia-un-nuevo-orden-mundial-de-la-energia\/\">Hacia un nuevo orden mundial de la energ\u00eda<\/a><\/h2>\r\n\t\t\t\t\r\n\t\t\t\t\t<p><a href=\"https:\/\/especiales.realinstitutoelcano.org\/agenda2030\/publicaciones\/hacia-un-nuevo-orden-mundial-de-la-energia\/\">Ver detalles<\/a><\/p>\r\n\t\t\t\t\t\t\t\t\t<\/div>\r\n\t\t\t\t\t<\/div>\r\n\t\t<\/section>\r\n\t<\/div>\r\n\t\t\t\t<\/div>\r\n\t\t\t\t<\/div>\r\n\t\t\t\t\t\t<\/div>\r\n\t\t\t\t\t<\/div>\r\n\t\t<\/div>\r\n\t\t\t\t\t\t\t\t<\/div>\r\n\t\t\t\t\t<\/div>\r\n\t\t<\/section>\r\n\t\t\t\t\t\t<\/div>\r\n\t\t\t\t\t\t<\/div>\r\n\t\t\t\t\t<\/div>\r\n\t\t","protected":false},"excerpt":{"rendered":"<p>ODS #7 Energ\u00eda asequible y no contaminante Garantizar el acceso universal a la energ\u00eda sostenible y asequible se ha convertido en un objetivo compartido por todos los gobiernos en asociaci\u00f3n con el sector privado.\u00a0Esto incluye reforzar la cooperaci\u00f3n internacional con el fin de mejorar y difundir la energ\u00eda renovable y la eficiencia energ\u00e9tica. El Programa &hellip;<\/p>\n<p class=\"read-more\"> <a class=\"\" href=\"https:\/\/especiales.realinstitutoelcano.org\/agenda2030\/energia-asequible-y-no-contaminante\/\"> <span class=\"screen-reader-text\">Energ\u00eda asequible y no contaminante<\/span> Leer m\u00e1s &raquo;<\/a><\/p>\n","protected":false},"author":1,"featured_media":0,"parent":0,"menu_order":0,"comment_status":"closed","ping_status":"closed","template":"","meta":[],"acf":[],"yoast_head":"<!-- This site is optimized with the Yoast SEO plugin v17.8 - https:\/\/yoast.com\/wordpress\/plugins\/seo\/ -->\n<title>Energ\u00eda asequible y no contaminante - Elcano y la Agenda 2030<\/title>\n<meta name=\"description\" content=\"Publicaciones y actividades del Real Instituto Elcano sobre el ODS 7 (Energ\u00eda asequible y no contaminante) de la Agenda 2030.\" \/>\n<meta name=\"robots\" content=\"index, follow, max-snippet:-1, max-image-preview:large, max-video-preview:-1\" \/>\n<link rel=\"canonical\" href=\"https:\/\/especiales.realinstitutoelcano.org\/agenda2030\/energia-asequible-y-no-contaminante\/\" \/>\n<meta property=\"og:locale\" content=\"es_ES\" \/>\n<meta property=\"og:type\" content=\"article\" \/>\n<meta property=\"og:title\" content=\"Energ\u00eda asequible y no contaminante - Elcano y la Agenda 2030\" \/>\n<meta property=\"og:description\" content=\"Publicaciones y actividades del Real Instituto Elcano sobre el ODS 7 (Energ\u00eda asequible y no contaminante) de la Agenda 2030.\" \/>\n<meta property=\"og:url\" content=\"https:\/\/especiales.realinstitutoelcano.org\/agenda2030\/energia-asequible-y-no-contaminante\/\" \/>\n<meta property=\"og:site_name\" content=\"Elcano y la Agenda 2030\" \/>\n<meta property=\"article:modified_time\" content=\"2021-02-22T06:55:05+00:00\" \/>\n<meta property=\"og:image\" content=\"https:\/\/especiales.realinstitutoelcano.org\/agenda2030\/wp-content\/uploads\/2020\/12\/S_SDG_inverted_WEB-07.png\" \/>\n<meta name=\"twitter:card\" content=\"summary_large_image\" \/>\n<meta name=\"twitter:label1\" content=\"Tiempo de lectura\" \/>\n\t<meta name=\"twitter:data1\" content=\"2 minutos\" \/>\n<script type=\"application\/ld+json\" class=\"yoast-schema-graph\">{\"@context\":\"https:\/\/schema.org\",\"@graph\":[{\"@type\":\"Organization\",\"@id\":\"https:\/\/especiales.realinstitutoelcano.org\/agenda2030\/?lang=en\/#organization\",\"name\":\"Real Instituto Elcano\",\"url\":\"https:\/\/especiales.realinstitutoelcano.org\/agenda2030\/?lang=en\/\",\"sameAs\":[],\"logo\":{\"@type\":\"ImageObject\",\"@id\":\"https:\/\/especiales.realinstitutoelcano.org\/agenda2030\/?lang=en\/#logo\",\"inLanguage\":\"es\",\"url\":\"https:\/\/especiales.realinstitutoelcano.org\/agenda2030\/wp-content\/uploads\/2020\/11\/logo.png\",\"contentUrl\":\"https:\/\/especiales.realinstitutoelcano.org\/agenda2030\/wp-content\/uploads\/2020\/11\/logo.png\",\"width\":223,\"height\":120,\"caption\":\"Real Instituto Elcano\"},\"image\":{\"@id\":\"https:\/\/especiales.realinstitutoelcano.org\/agenda2030\/?lang=en\/#logo\"}},{\"@type\":\"WebSite\",\"@id\":\"https:\/\/especiales.realinstitutoelcano.org\/agenda2030\/?lang=en\/#website\",\"url\":\"https:\/\/especiales.realinstitutoelcano.org\/agenda2030\/?lang=en\/\",\"name\":\"Elcano y la Agenda 2030\",\"description\":\"Especial sobre las publicaciones, an\\u00e1lisis y actividades del Real Instituto Elcano en el marco de los ODS y la Agenda 2030.\",\"publisher\":{\"@id\":\"https:\/\/especiales.realinstitutoelcano.org\/agenda2030\/?lang=en\/#organization\"},\"potentialAction\":[{\"@type\":\"SearchAction\",\"target\":{\"@type\":\"EntryPoint\",\"urlTemplate\":\"https:\/\/especiales.realinstitutoelcano.org\/agenda2030\/?lang=en\/?s={search_term_string}\"},\"query-input\":\"required name=search_term_string\"}],\"inLanguage\":\"es\"},{\"@type\":\"ImageObject\",\"@id\":\"https:\/\/especiales.realinstitutoelcano.org\/agenda2030\/energia-asequible-y-no-contaminante\/#primaryimage\",\"inLanguage\":\"es\",\"url\":\"https:\/\/especiales.realinstitutoelcano.org\/agenda2030\/wp-content\/uploads\/2020\/12\/S_SDG_inverted_WEB-07.png\",\"contentUrl\":\"https:\/\/especiales.realinstitutoelcano.org\/agenda2030\/wp-content\/uploads\/2020\/12\/S_SDG_inverted_WEB-07.png\",\"width\":1536,\"height\":1536,\"caption\":\"Icono del Objetivo de Desarrollo Sostenible Energ\\u00eda asequible y no contaminante\"},{\"@type\":\"WebPage\",\"@id\":\"https:\/\/especiales.realinstitutoelcano.org\/agenda2030\/energia-asequible-y-no-contaminante\/#webpage\",\"url\":\"https:\/\/especiales.realinstitutoelcano.org\/agenda2030\/energia-asequible-y-no-contaminante\/\",\"name\":\"Energ\\u00eda asequible y no contaminante - Elcano y la Agenda 2030\",\"isPartOf\":{\"@id\":\"https:\/\/especiales.realinstitutoelcano.org\/agenda2030\/?lang=en\/#website\"},\"primaryImageOfPage\":{\"@id\":\"https:\/\/especiales.realinstitutoelcano.org\/agenda2030\/energia-asequible-y-no-contaminante\/#primaryimage\"},\"datePublished\":\"2020-12-23T14:36:57+00:00\",\"dateModified\":\"2021-02-22T06:55:05+00:00\",\"description\":\"Publicaciones y actividades del Real Instituto Elcano sobre el ODS 7 (Energ\\u00eda asequible y no contaminante) de la Agenda 2030.\",\"breadcrumb\":{\"@id\":\"https:\/\/especiales.realinstitutoelcano.org\/agenda2030\/energia-asequible-y-no-contaminante\/#breadcrumb\"},\"inLanguage\":\"es\",\"potentialAction\":[{\"@type\":\"ReadAction\",\"target\":[\"https:\/\/especiales.realinstitutoelcano.org\/agenda2030\/energia-asequible-y-no-contaminante\/\"]}]},{\"@type\":\"BreadcrumbList\",\"@id\":\"https:\/\/especiales.realinstitutoelcano.org\/agenda2030\/energia-asequible-y-no-contaminante\/#breadcrumb\",\"itemListElement\":[{\"@type\":\"ListItem\",\"position\":1,\"name\":\"Home\",\"item\":\"https:\/\/especiales.realinstitutoelcano.org\/agenda2030\/\"},{\"@type\":\"ListItem\",\"position\":2,\"name\":\"Energ\\u00eda asequible y no contaminante\"}]}]}<\/script>\n<!-- \/ Yoast SEO plugin. -->","yoast_head_json":{"title":"Energ\u00eda asequible y no contaminante - Elcano y la Agenda 2030","description":"Publicaciones y actividades del Real Instituto Elcano sobre el ODS 7 (Energ\u00eda asequible y no contaminante) de la Agenda 2030.","robots":{"index":"index","follow":"follow","max-snippet":"max-snippet:-1","max-image-preview":"max-image-preview:large","max-video-preview":"max-video-preview:-1"},"canonical":"https:\/\/especiales.realinstitutoelcano.org\/agenda2030\/energia-asequible-y-no-contaminante\/","og_locale":"es_ES","og_type":"article","og_title":"Energ\u00eda asequible y no contaminante - Elcano y la Agenda 2030","og_description":"Publicaciones y actividades del Real Instituto Elcano sobre el ODS 7 (Energ\u00eda asequible y no contaminante) de la Agenda 2030.","og_url":"https:\/\/especiales.realinstitutoelcano.org\/agenda2030\/energia-asequible-y-no-contaminante\/","og_site_name":"Elcano y la Agenda 2030","article_modified_time":"2021-02-22T06:55:05+00:00","og_image":[{"url":"https:\/\/especiales.realinstitutoelcano.org\/agenda2030\/wp-content\/uploads\/2020\/12\/S_SDG_inverted_WEB-07.png"}],"twitter_card":"summary_large_image","twitter_misc":{"Tiempo de lectura":"2 minutos"},"schema":{"@context":"https:\/\/schema.org","@graph":[{"@type":"Organization","@id":"https:\/\/especiales.realinstitutoelcano.org\/agenda2030\/?lang=en\/#organization","name":"Real Instituto Elcano","url":"https:\/\/especiales.realinstitutoelcano.org\/agenda2030\/?lang=en\/","sameAs":[],"logo":{"@type":"ImageObject","@id":"https:\/\/especiales.realinstitutoelcano.org\/agenda2030\/?lang=en\/#logo","inLanguage":"es","url":"https:\/\/especiales.realinstitutoelcano.org\/agenda2030\/wp-content\/uploads\/2020\/11\/logo.png","contentUrl":"https:\/\/especiales.realinstitutoelcano.org\/agenda2030\/wp-content\/uploads\/2020\/11\/logo.png","width":223,"height":120,"caption":"Real Instituto Elcano"},"image":{"@id":"https:\/\/especiales.realinstitutoelcano.org\/agenda2030\/?lang=en\/#logo"}},{"@type":"WebSite","@id":"https:\/\/especiales.realinstitutoelcano.org\/agenda2030\/?lang=en\/#website","url":"https:\/\/especiales.realinstitutoelcano.org\/agenda2030\/?lang=en\/","name":"Elcano y la Agenda 2030","description":"Especial sobre las publicaciones, an\u00e1lisis y actividades del Real Instituto Elcano en el marco de los ODS y la Agenda 2030.","publisher":{"@id":"https:\/\/especiales.realinstitutoelcano.org\/agenda2030\/?lang=en\/#organization"},"potentialAction":[{"@type":"SearchAction","target":{"@type":"EntryPoint","urlTemplate":"https:\/\/especiales.realinstitutoelcano.org\/agenda2030\/?lang=en\/?s={search_term_string}"},"query-input":"required name=search_term_string"}],"inLanguage":"es"},{"@type":"ImageObject","@id":"https:\/\/especiales.realinstitutoelcano.org\/agenda2030\/energia-asequible-y-no-contaminante\/#primaryimage","inLanguage":"es","url":"https:\/\/especiales.realinstitutoelcano.org\/agenda2030\/wp-content\/uploads\/2020\/12\/S_SDG_inverted_WEB-07.png","contentUrl":"https:\/\/especiales.realinstitutoelcano.org\/agenda2030\/wp-content\/uploads\/2020\/12\/S_SDG_inverted_WEB-07.png","width":1536,"height":1536,"caption":"Icono del Objetivo de Desarrollo Sostenible Energ\u00eda asequible y no contaminante"},{"@type":"WebPage","@id":"https:\/\/especiales.realinstitutoelcano.org\/agenda2030\/energia-asequible-y-no-contaminante\/#webpage","url":"https:\/\/especiales.realinstitutoelcano.org\/agenda2030\/energia-asequible-y-no-contaminante\/","name":"Energ\u00eda asequible y no contaminante - Elcano y la Agenda 2030","isPartOf":{"@id":"https:\/\/especiales.realinstitutoelcano.org\/agenda2030\/?lang=en\/#website"},"primaryImageOfPage":{"@id":"https:\/\/especiales.realinstitutoelcano.org\/agenda2030\/energia-asequible-y-no-contaminante\/#primaryimage"},"datePublished":"2020-12-23T14:36:57+00:00","dateModified":"2021-02-22T06:55:05+00:00","description":"Publicaciones y actividades del Real Instituto Elcano sobre el ODS 7 (Energ\u00eda asequible y no contaminante) de la Agenda 2030.","breadcrumb":{"@id":"https:\/\/especiales.realinstitutoelcano.org\/agenda2030\/energia-asequible-y-no-contaminante\/#breadcrumb"},"inLanguage":"es","potentialAction":[{"@type":"ReadAction","target":["https:\/\/especiales.realinstitutoelcano.org\/agenda2030\/energia-asequible-y-no-contaminante\/"]}]},{"@type":"BreadcrumbList","@id":"https:\/\/especiales.realinstitutoelcano.org\/agenda2030\/energia-asequible-y-no-contaminante\/#breadcrumb","itemListElement":[{"@type":"ListItem","position":1,"name":"Home","item":"https:\/\/especiales.realinstitutoelcano.org\/agenda2030\/"},{"@type":"ListItem","position":2,"name":"Energ\u00eda asequible y no contaminante"}]}]}},"_links":{"self":[{"href":"https:\/\/especiales.realinstitutoelcano.org\/agenda2030\/wp-json\/wp\/v2\/pages\/1698"}],"collection":[{"href":"https:\/\/especiales.realinstitutoelcano.org\/agenda2030\/wp-json\/wp\/v2\/pages"}],"about":[{"href":"https:\/\/especiales.realinstitutoelcano.org\/agenda2030\/wp-json\/wp\/v2\/types\/page"}],"author":[{"embeddable":true,"href":"https:\/\/especiales.realinstitutoelcano.org\/agenda2030\/wp-json\/wp\/v2\/users\/1"}],"replies":[{"embeddable":true,"href":"https:\/\/especiales.realinstitutoelcano.org\/agenda2030\/wp-json\/wp\/v2\/comments?post=1698"}],"version-history":[{"count":21,"href":"https:\/\/especiales.realinstitutoelcano.org\/agenda2030\/wp-json\/wp\/v2\/pages\/1698\/revisions"}],"predecessor-version":[{"id":3750,"href":"https:\/\/especiales.realinstitutoelcano.org\/agenda2030\/wp-json\/wp\/v2\/pages\/1698\/revisions\/3750"}],"wp:attachment":[{"href":"https:\/\/especiales.realinstitutoelcano.org\/agenda2030\/wp-json\/wp\/v2\/media?parent=1698"}],"curies":[{"name":"wp","href":"https:\/\/api.w.org\/{rel}","templated":true}]}}