{"id":1719,"date":"2020-12-23T14:44:15","date_gmt":"2020-12-23T14:44:15","guid":{"rendered":"https:\/\/especiales.realinstitutoelcano.org\/agenda2030\/?page_id=1719"},"modified":"2021-02-22T06:55:49","modified_gmt":"2021-02-22T06:55:49","slug":"industria-innovacion-e-infraestructura","status":"publish","type":"page","link":"https:\/\/especiales.realinstitutoelcano.org\/agenda2030\/industria-innovacion-e-infraestructura\/","title":{"rendered":"Industria, innovaci\u00f3n e infraestructura"},"content":{"rendered":"\t\t<div data-elementor-type=\"wp-page\" data-elementor-id=\"1719\" class=\"elementor elementor-1719\" data-elementor-settings=\"[]\">\r\n\t\t\t\t\t\t<div class=\"elementor-inner\">\r\n\t\t\t\t\t\t\t<div class=\"elementor-section-wrap\">\r\n\t\t\t\t\t\t\t<section class=\"elementor-section elementor-top-section elementor-element elementor-element-7cc6394f elementor-section-content-middle elementor-section-boxed elementor-section-height-default elementor-section-height-default\" data-id=\"7cc6394f\" data-element_type=\"section\">\r\n\t\t\t\t\t\t<div class=\"elementor-container elementor-column-gap-no\">\r\n\t\t\t\t\t\t\t<div class=\"elementor-row\">\r\n\t\t\t\t\t<div class=\"elementor-column elementor-col-50 elementor-top-column elementor-element elementor-element-7160f46a columna-verde\" data-id=\"7160f46a\" data-element_type=\"column\" data-settings=\"{&quot;background_background&quot;:&quot;classic&quot;}\">\r\n\t\t\t<div class=\"elementor-column-wrap elementor-element-populated\">\r\n\t\t\t\t\t\t\t<div class=\"elementor-widget-wrap\">\r\n\t\t\t\t\t\t<div class=\"elementor-element elementor-element-732d8889 elementor-widget__width-auto elementor-widget elementor-widget-heading\" data-id=\"732d8889\" data-element_type=\"widget\" data-widget_type=\"heading.default\">\r\n\t\t\t\t<div class=\"elementor-widget-container\">\r\n\t\t\t<h6 class=\"elementor-heading-title elementor-size-default\">ODS #9<\/h6>\t\t<\/div>\r\n\t\t\t\t<\/div>\r\n\t\t\t\t<div class=\"elementor-element elementor-element-1613720e elementor-widget__width-auto elementor-widget-divider--view-line elementor-widget elementor-widget-divider\" data-id=\"1613720e\" data-element_type=\"widget\" data-widget_type=\"divider.default\">\r\n\t\t\t\t<div class=\"elementor-widget-container\">\r\n\t\t\t\t\t<div class=\"elementor-divider\">\r\n\t\t\t<span class=\"elementor-divider-separator\">\r\n\t\t\t\t\t\t<\/span>\r\n\t\t<\/div>\r\n\t\t\t\t<\/div>\r\n\t\t\t\t<\/div>\r\n\t\t\t\t<div class=\"elementor-element elementor-element-54ecd66a elementor-widget elementor-widget-heading\" data-id=\"54ecd66a\" data-element_type=\"widget\" data-widget_type=\"heading.default\">\r\n\t\t\t\t<div class=\"elementor-widget-container\">\r\n\t\t\t<h1 class=\"elementor-heading-title elementor-size-default\">Industria, innovaci\u00f3n e infraestructura<\/h1>\t\t<\/div>\r\n\t\t\t\t<\/div>\r\n\t\t\t\t<div class=\"elementor-element elementor-element-6bbe008 elementor-widget elementor-widget-text-editor\" data-id=\"6bbe008\" data-element_type=\"widget\" data-widget_type=\"text-editor.default\">\r\n\t\t\t\t<div class=\"elementor-widget-container\">\r\n\t\t\t\t\t\t\t\t<div class=\"elementor-text-editor elementor-clearfix\">\r\n\t\t\t\t<p>El ODS 9 se centra en la construcci\u00f3n de unas infraestructuras resilientes, la promoci\u00f3n de una industrializaci\u00f3n inclusiva y sostenible, y el fomento de <a href=\"https:\/\/blog.realinstitutoelcano.org\/tag\/innovacion\/\" target=\"_blank\" rel=\"noopener\">la innovaci\u00f3n<\/a>. Para lograrlo, la Agenda 2030 recomienda a los pa\u00edses que aumenten las inversiones en su infraestructura regional y transfronteriza, y que promuevan la industrializaci\u00f3n para impulsar el empleo y el PIB. Este objetivo incluye el desarrollo de la infraestructura de servicios financieros, de comunicaci\u00f3n y de conexi\u00f3n a Internet de banda ancha en todo el mundo y, sobre todo, en pa\u00edses en desarrollo. Se destaca el aumento de la accesibilidad para las empresas de peque\u00f1a escala con un acceso justo a los servicios financieros y al cr\u00e9dito, ya que crea y fomenta la competencia dentro de los mercados. El Real Instituto Elcano est\u00e1 dando seguimiento al creciente inter\u00e9s de los pa\u00edses desarrollados y en desarrollo por <a href=\"http:\/\/www.realinstitutoelcano.org\/wps\/portal\/rielcano_es\/contenido?WCM_GLOBAL_CONTEXT=\/elcano\/elcano_es\/zonas_es\/policy-paper-politica-industrial-transformadora-espana-pos-covid-19\" target=\"_blank\" rel=\"noopener\">la pol\u00edtica industrial<\/a>, particularmente en el contexto de actual <a href=\"https:\/\/especiales.realinstitutoelcano.org\/coronavirus\/\" target=\"_blank\" rel=\"noopener\">pandemia del COVID-19<\/a>.<\/p>\t\t\t\t\t<\/div>\r\n\t\t\t\t\t\t<\/div>\r\n\t\t\t\t<\/div>\r\n\t\t\t\t\t\t<\/div>\r\n\t\t\t\t\t<\/div>\r\n\t\t<\/div>\r\n\t\t\t\t<div class=\"elementor-column elementor-col-50 elementor-top-column elementor-element elementor-element-36ef71e7\" data-id=\"36ef71e7\" data-element_type=\"column\" data-settings=\"{&quot;background_background&quot;:&quot;classic&quot;}\">\r\n\t\t\t<div class=\"elementor-column-wrap elementor-element-populated\">\r\n\t\t\t\t\t<div class=\"elementor-background-overlay\"><\/div>\r\n\t\t\t\t\t\t\t<div class=\"elementor-widget-wrap\">\r\n\t\t\t\t\t\t<div class=\"elementor-element elementor-element-773f3842 elementor-widget elementor-widget-image\" data-id=\"773f3842\" data-element_type=\"widget\" data-widget_type=\"image.default\">\r\n\t\t\t\t<div class=\"elementor-widget-container\">\r\n\t\t\t\t\t\t\t\t<div class=\"elementor-image\">\r\n\t\t\t\t\t\t\t\t\t\t\t\t<img width=\"1536\" height=\"1536\" src=\"https:\/\/especiales.realinstitutoelcano.org\/agenda2030\/wp-content\/uploads\/2020\/12\/S_SDG_inverted_WEB-09.png\" class=\"attachment-full size-full\" alt=\"Icono del Objetivo de Desarrollo Sostenible Industria innovaci\u00f3n e infraestructura\" loading=\"lazy\" srcset=\"https:\/\/especiales.realinstitutoelcano.org\/agenda2030\/wp-content\/uploads\/2020\/12\/S_SDG_inverted_WEB-09.png 1536w, https:\/\/especiales.realinstitutoelcano.org\/agenda2030\/wp-content\/uploads\/2020\/12\/S_SDG_inverted_WEB-09-300x300.png 300w, https:\/\/especiales.realinstitutoelcano.org\/agenda2030\/wp-content\/uploads\/2020\/12\/S_SDG_inverted_WEB-09-1024x1024.png 1024w, https:\/\/especiales.realinstitutoelcano.org\/agenda2030\/wp-content\/uploads\/2020\/12\/S_SDG_inverted_WEB-09-150x150.png 150w, https:\/\/especiales.realinstitutoelcano.org\/agenda2030\/wp-content\/uploads\/2020\/12\/S_SDG_inverted_WEB-09-768x768.png 768w\" sizes=\"(max-width: 1536px) 100vw, 1536px\" \/>\t\t\t\t\t\t\t\t\t\t\t\t\t\t<\/div>\r\n\t\t\t\t\t\t<\/div>\r\n\t\t\t\t<\/div>\r\n\t\t\t\t\t\t<\/div>\r\n\t\t\t\t\t<\/div>\r\n\t\t<\/div>\r\n\t\t\t\t\t\t\t\t<\/div>\r\n\t\t\t\t\t<\/div>\r\n\t\t<\/section>\r\n\t\t\t\t<section class=\"elementor-section elementor-top-section elementor-element elementor-element-61233f1 elementor-section-boxed elementor-section-height-default elementor-section-height-default\" data-id=\"61233f1\" data-element_type=\"section\">\r\n\t\t\t\t\t\t<div class=\"elementor-container elementor-column-gap-default\">\r\n\t\t\t\t\t\t\t<div class=\"elementor-row\">\r\n\t\t\t\t\t<div class=\"elementor-column elementor-col-100 elementor-top-column elementor-element elementor-element-73644837\" data-id=\"73644837\" data-element_type=\"column\">\r\n\t\t\t<div class=\"elementor-column-wrap elementor-element-populated\">\r\n\t\t\t\t\t\t\t<div class=\"elementor-widget-wrap\">\r\n\t\t\t\t\t\t<div class=\"elementor-element elementor-element-50f67e6d elementor-widget elementor-widget-shortcode\" data-id=\"50f67e6d\" data-element_type=\"widget\" data-widget_type=\"shortcode.default\">\r\n\t\t\t\t<div class=\"elementor-widget-container\">\r\n\t\t\t\t\t<div class=\"elementor-shortcode\">\t\t<section class=\"elementor-element\">\r\n\t\t<div class=\"ods-posts-list\">\r\n\t\t\t \r\n\t\t\t\t<div class=\"ods-posts-list__item\">\r\n\t\t\t\t\t<div class=\"subtitle-wrapper\">\r\n\t\t\t\t\t\t<h6 class=\"titulo-negro\">Publicaci\u00f3n <\/h6><span class=\"line line--amarilla\"><\/span>\r\n\t\t\t\t\t<\/div>\r\n\r\n\t\t\t\t\t<h2><a href=\"https:\/\/especiales.realinstitutoelcano.org\/agenda2030\/publicaciones\/el-impacto-del-covid-19-la-digitalizacion-como-bien-comun\/\">El impacto del COVID-19: la digitalizaci\u00f3n como bien com\u00fan<\/a><\/h2>\r\n\t\t\t\t\r\n\t\t\t\t\t<p><a href=\"https:\/\/especiales.realinstitutoelcano.org\/agenda2030\/publicaciones\/el-impacto-del-covid-19-la-digitalizacion-como-bien-comun\/\">Ver detalles<\/a><\/p>\r\n\t\t\t\t\t\t\t\t\t<\/div>\r\n\t\t\t \r\n\t\t\t\t<div class=\"ods-posts-list__item\">\r\n\t\t\t\t\t<div class=\"subtitle-wrapper\">\r\n\t\t\t\t\t\t<h6 class=\"titulo-negro\">Publicaci\u00f3n <\/h6><span class=\"line line--amarilla\"><\/span>\r\n\t\t\t\t\t<\/div>\r\n\r\n\t\t\t\t\t<h2><a href=\"https:\/\/especiales.realinstitutoelcano.org\/agenda2030\/publicaciones\/alguien-dijo-politica-industrial\/\">\u00bfAlguien dijo pol\u00edtica industrial?<\/a><\/h2>\r\n\t\t\t\t\r\n\t\t\t\t\t<p><a href=\"https:\/\/especiales.realinstitutoelcano.org\/agenda2030\/publicaciones\/alguien-dijo-politica-industrial\/\">Ver detalles<\/a><\/p>\r\n\t\t\t\t\t\t\t\t\t<\/div>\r\n\t\t\t \r\n\t\t\t\t<div class=\"ods-posts-list__item\">\r\n\t\t\t\t\t<div class=\"subtitle-wrapper\">\r\n\t\t\t\t\t\t<h6 class=\"titulo-negro\">Publicaci\u00f3n <\/h6><span class=\"line line--amarilla\"><\/span>\r\n\t\t\t\t\t<\/div>\r\n\r\n\t\t\t\t\t<h2><a href=\"https:\/\/especiales.realinstitutoelcano.org\/agenda2030\/publicaciones\/una-politica-industrial-transformadora-para-la-espana-post-covid-19\/\">Una pol\u00edtica industrial transformadora para la Espa\u00f1a post COVID-19<\/a><\/h2>\r\n\t\t\t\t\r\n\t\t\t\t\t<p><a href=\"https:\/\/especiales.realinstitutoelcano.org\/agenda2030\/publicaciones\/una-politica-industrial-transformadora-para-la-espana-post-covid-19\/\">Ver detalles<\/a><\/p>\r\n\t\t\t\t\t\t\t\t\t<\/div>\r\n\t\t\t\t\t<\/div>\r\n\t\t<\/section>\r\n\t<\/div>\r\n\t\t\t\t<\/div>\r\n\t\t\t\t<\/div>\r\n\t\t\t\t\t\t<\/div>\r\n\t\t\t\t\t<\/div>\r\n\t\t<\/div>\r\n\t\t\t\t\t\t\t\t<\/div>\r\n\t\t\t\t\t<\/div>\r\n\t\t<\/section>\r\n\t\t\t\t\t\t<\/div>\r\n\t\t\t\t\t\t<\/div>\r\n\t\t\t\t\t<\/div>\r\n\t\t","protected":false},"excerpt":{"rendered":"<p>ODS #9 Industria, innovaci\u00f3n e infraestructura El ODS 9 se centra en la construcci\u00f3n de unas infraestructuras resilientes, la promoci\u00f3n de una industrializaci\u00f3n inclusiva y sostenible, y el fomento de la innovaci\u00f3n. Para lograrlo, la Agenda 2030 recomienda a los pa\u00edses que aumenten las inversiones en su infraestructura regional y transfronteriza, y que promuevan la &hellip;<\/p>\n<p class=\"read-more\"> <a class=\"\" href=\"https:\/\/especiales.realinstitutoelcano.org\/agenda2030\/industria-innovacion-e-infraestructura\/\"> <span class=\"screen-reader-text\">Industria, innovaci\u00f3n e infraestructura<\/span> Leer m\u00e1s &raquo;<\/a><\/p>\n","protected":false},"author":1,"featured_media":0,"parent":0,"menu_order":0,"comment_status":"closed","ping_status":"closed","template":"","meta":[],"acf":[],"yoast_head":"<!-- This site is optimized with the Yoast SEO plugin v17.8 - https:\/\/yoast.com\/wordpress\/plugins\/seo\/ -->\n<title>Industria, innovaci\u00f3n e infraestructura - Elcano y la Agenda 2030<\/title>\n<meta name=\"description\" content=\"Publicaciones y actividades del Real Instituto Elcano sobre el ODS 9 (Industria, innovaci\u00f3n e infraestructura) de la Agenda 2030.\" \/>\n<meta name=\"robots\" content=\"index, follow, max-snippet:-1, max-image-preview:large, max-video-preview:-1\" \/>\n<link rel=\"canonical\" href=\"https:\/\/especiales.realinstitutoelcano.org\/agenda2030\/industria-innovacion-e-infraestructura\/\" \/>\n<meta property=\"og:locale\" content=\"es_ES\" \/>\n<meta property=\"og:type\" content=\"article\" \/>\n<meta property=\"og:title\" content=\"Industria, innovaci\u00f3n e infraestructura - Elcano y la Agenda 2030\" \/>\n<meta property=\"og:description\" content=\"Publicaciones y actividades del Real Instituto Elcano sobre el ODS 9 (Industria, innovaci\u00f3n e infraestructura) de la Agenda 2030.\" \/>\n<meta property=\"og:url\" content=\"https:\/\/especiales.realinstitutoelcano.org\/agenda2030\/industria-innovacion-e-infraestructura\/\" \/>\n<meta property=\"og:site_name\" content=\"Elcano y la Agenda 2030\" \/>\n<meta property=\"article:modified_time\" content=\"2021-02-22T06:55:49+00:00\" \/>\n<meta property=\"og:image\" content=\"https:\/\/especiales.realinstitutoelcano.org\/agenda2030\/wp-content\/uploads\/2020\/12\/S_SDG_inverted_WEB-09.png\" \/>\n<meta name=\"twitter:card\" content=\"summary_large_image\" \/>\n<meta name=\"twitter:label1\" content=\"Tiempo de lectura\" \/>\n\t<meta name=\"twitter:data1\" content=\"1 minuto\" \/>\n<script type=\"application\/ld+json\" class=\"yoast-schema-graph\">{\"@context\":\"https:\/\/schema.org\",\"@graph\":[{\"@type\":\"Organization\",\"@id\":\"https:\/\/especiales.realinstitutoelcano.org\/agenda2030\/?lang=en\/#organization\",\"name\":\"Real Instituto Elcano\",\"url\":\"https:\/\/especiales.realinstitutoelcano.org\/agenda2030\/?lang=en\/\",\"sameAs\":[],\"logo\":{\"@type\":\"ImageObject\",\"@id\":\"https:\/\/especiales.realinstitutoelcano.org\/agenda2030\/?lang=en\/#logo\",\"inLanguage\":\"es\",\"url\":\"https:\/\/especiales.realinstitutoelcano.org\/agenda2030\/wp-content\/uploads\/2020\/11\/logo.png\",\"contentUrl\":\"https:\/\/especiales.realinstitutoelcano.org\/agenda2030\/wp-content\/uploads\/2020\/11\/logo.png\",\"width\":223,\"height\":120,\"caption\":\"Real Instituto Elcano\"},\"image\":{\"@id\":\"https:\/\/especiales.realinstitutoelcano.org\/agenda2030\/?lang=en\/#logo\"}},{\"@type\":\"WebSite\",\"@id\":\"https:\/\/especiales.realinstitutoelcano.org\/agenda2030\/?lang=en\/#website\",\"url\":\"https:\/\/especiales.realinstitutoelcano.org\/agenda2030\/?lang=en\/\",\"name\":\"Elcano y la Agenda 2030\",\"description\":\"Especial sobre las publicaciones, an\\u00e1lisis y actividades del Real Instituto Elcano en el marco de los ODS y la Agenda 2030.\",\"publisher\":{\"@id\":\"https:\/\/especiales.realinstitutoelcano.org\/agenda2030\/?lang=en\/#organization\"},\"potentialAction\":[{\"@type\":\"SearchAction\",\"target\":{\"@type\":\"EntryPoint\",\"urlTemplate\":\"https:\/\/especiales.realinstitutoelcano.org\/agenda2030\/?lang=en\/?s={search_term_string}\"},\"query-input\":\"required name=search_term_string\"}],\"inLanguage\":\"es\"},{\"@type\":\"ImageObject\",\"@id\":\"https:\/\/especiales.realinstitutoelcano.org\/agenda2030\/industria-innovacion-e-infraestructura\/#primaryimage\",\"inLanguage\":\"es\",\"url\":\"https:\/\/especiales.realinstitutoelcano.org\/agenda2030\/wp-content\/uploads\/2020\/12\/S_SDG_inverted_WEB-09.png\",\"contentUrl\":\"https:\/\/especiales.realinstitutoelcano.org\/agenda2030\/wp-content\/uploads\/2020\/12\/S_SDG_inverted_WEB-09.png\",\"width\":1536,\"height\":1536,\"caption\":\"Icono del Objetivo de Desarrollo Sostenible Industria innovaci\\u00f3n e infraestructura\"},{\"@type\":\"WebPage\",\"@id\":\"https:\/\/especiales.realinstitutoelcano.org\/agenda2030\/industria-innovacion-e-infraestructura\/#webpage\",\"url\":\"https:\/\/especiales.realinstitutoelcano.org\/agenda2030\/industria-innovacion-e-infraestructura\/\",\"name\":\"Industria, innovaci\\u00f3n e infraestructura - Elcano y la Agenda 2030\",\"isPartOf\":{\"@id\":\"https:\/\/especiales.realinstitutoelcano.org\/agenda2030\/?lang=en\/#website\"},\"primaryImageOfPage\":{\"@id\":\"https:\/\/especiales.realinstitutoelcano.org\/agenda2030\/industria-innovacion-e-infraestructura\/#primaryimage\"},\"datePublished\":\"2020-12-23T14:44:15+00:00\",\"dateModified\":\"2021-02-22T06:55:49+00:00\",\"description\":\"Publicaciones y actividades del Real Instituto Elcano sobre el ODS 9 (Industria, innovaci\\u00f3n e infraestructura) de la Agenda 2030.\",\"breadcrumb\":{\"@id\":\"https:\/\/especiales.realinstitutoelcano.org\/agenda2030\/industria-innovacion-e-infraestructura\/#breadcrumb\"},\"inLanguage\":\"es\",\"potentialAction\":[{\"@type\":\"ReadAction\",\"target\":[\"https:\/\/especiales.realinstitutoelcano.org\/agenda2030\/industria-innovacion-e-infraestructura\/\"]}]},{\"@type\":\"BreadcrumbList\",\"@id\":\"https:\/\/especiales.realinstitutoelcano.org\/agenda2030\/industria-innovacion-e-infraestructura\/#breadcrumb\",\"itemListElement\":[{\"@type\":\"ListItem\",\"position\":1,\"name\":\"Home\",\"item\":\"https:\/\/especiales.realinstitutoelcano.org\/agenda2030\/\"},{\"@type\":\"ListItem\",\"position\":2,\"name\":\"Industria, innovaci\\u00f3n e infraestructura\"}]}]}<\/script>\n<!-- \/ Yoast SEO plugin. -->","yoast_head_json":{"title":"Industria, innovaci\u00f3n e infraestructura - Elcano y la Agenda 2030","description":"Publicaciones y actividades del Real Instituto Elcano sobre el ODS 9 (Industria, innovaci\u00f3n e infraestructura) de la Agenda 2030.","robots":{"index":"index","follow":"follow","max-snippet":"max-snippet:-1","max-image-preview":"max-image-preview:large","max-video-preview":"max-video-preview:-1"},"canonical":"https:\/\/especiales.realinstitutoelcano.org\/agenda2030\/industria-innovacion-e-infraestructura\/","og_locale":"es_ES","og_type":"article","og_title":"Industria, innovaci\u00f3n e infraestructura - Elcano y la Agenda 2030","og_description":"Publicaciones y actividades del Real Instituto Elcano sobre el ODS 9 (Industria, innovaci\u00f3n e infraestructura) de la Agenda 2030.","og_url":"https:\/\/especiales.realinstitutoelcano.org\/agenda2030\/industria-innovacion-e-infraestructura\/","og_site_name":"Elcano y la Agenda 2030","article_modified_time":"2021-02-22T06:55:49+00:00","og_image":[{"url":"https:\/\/especiales.realinstitutoelcano.org\/agenda2030\/wp-content\/uploads\/2020\/12\/S_SDG_inverted_WEB-09.png"}],"twitter_card":"summary_large_image","twitter_misc":{"Tiempo de lectura":"1 minuto"},"schema":{"@context":"https:\/\/schema.org","@graph":[{"@type":"Organization","@id":"https:\/\/especiales.realinstitutoelcano.org\/agenda2030\/?lang=en\/#organization","name":"Real Instituto Elcano","url":"https:\/\/especiales.realinstitutoelcano.org\/agenda2030\/?lang=en\/","sameAs":[],"logo":{"@type":"ImageObject","@id":"https:\/\/especiales.realinstitutoelcano.org\/agenda2030\/?lang=en\/#logo","inLanguage":"es","url":"https:\/\/especiales.realinstitutoelcano.org\/agenda2030\/wp-content\/uploads\/2020\/11\/logo.png","contentUrl":"https:\/\/especiales.realinstitutoelcano.org\/agenda2030\/wp-content\/uploads\/2020\/11\/logo.png","width":223,"height":120,"caption":"Real Instituto Elcano"},"image":{"@id":"https:\/\/especiales.realinstitutoelcano.org\/agenda2030\/?lang=en\/#logo"}},{"@type":"WebSite","@id":"https:\/\/especiales.realinstitutoelcano.org\/agenda2030\/?lang=en\/#website","url":"https:\/\/especiales.realinstitutoelcano.org\/agenda2030\/?lang=en\/","name":"Elcano y la Agenda 2030","description":"Especial sobre las publicaciones, an\u00e1lisis y actividades del Real Instituto Elcano en el marco de los ODS y la Agenda 2030.","publisher":{"@id":"https:\/\/especiales.realinstitutoelcano.org\/agenda2030\/?lang=en\/#organization"},"potentialAction":[{"@type":"SearchAction","target":{"@type":"EntryPoint","urlTemplate":"https:\/\/especiales.realinstitutoelcano.org\/agenda2030\/?lang=en\/?s={search_term_string}"},"query-input":"required name=search_term_string"}],"inLanguage":"es"},{"@type":"ImageObject","@id":"https:\/\/especiales.realinstitutoelcano.org\/agenda2030\/industria-innovacion-e-infraestructura\/#primaryimage","inLanguage":"es","url":"https:\/\/especiales.realinstitutoelcano.org\/agenda2030\/wp-content\/uploads\/2020\/12\/S_SDG_inverted_WEB-09.png","contentUrl":"https:\/\/especiales.realinstitutoelcano.org\/agenda2030\/wp-content\/uploads\/2020\/12\/S_SDG_inverted_WEB-09.png","width":1536,"height":1536,"caption":"Icono del Objetivo de Desarrollo Sostenible Industria innovaci\u00f3n e infraestructura"},{"@type":"WebPage","@id":"https:\/\/especiales.realinstitutoelcano.org\/agenda2030\/industria-innovacion-e-infraestructura\/#webpage","url":"https:\/\/especiales.realinstitutoelcano.org\/agenda2030\/industria-innovacion-e-infraestructura\/","name":"Industria, innovaci\u00f3n e infraestructura - Elcano y la Agenda 2030","isPartOf":{"@id":"https:\/\/especiales.realinstitutoelcano.org\/agenda2030\/?lang=en\/#website"},"primaryImageOfPage":{"@id":"https:\/\/especiales.realinstitutoelcano.org\/agenda2030\/industria-innovacion-e-infraestructura\/#primaryimage"},"datePublished":"2020-12-23T14:44:15+00:00","dateModified":"2021-02-22T06:55:49+00:00","description":"Publicaciones y actividades del Real Instituto Elcano sobre el ODS 9 (Industria, innovaci\u00f3n e infraestructura) de la Agenda 2030.","breadcrumb":{"@id":"https:\/\/especiales.realinstitutoelcano.org\/agenda2030\/industria-innovacion-e-infraestructura\/#breadcrumb"},"inLanguage":"es","potentialAction":[{"@type":"ReadAction","target":["https:\/\/especiales.realinstitutoelcano.org\/agenda2030\/industria-innovacion-e-infraestructura\/"]}]},{"@type":"BreadcrumbList","@id":"https:\/\/especiales.realinstitutoelcano.org\/agenda2030\/industria-innovacion-e-infraestructura\/#breadcrumb","itemListElement":[{"@type":"ListItem","position":1,"name":"Home","item":"https:\/\/especiales.realinstitutoelcano.org\/agenda2030\/"},{"@type":"ListItem","position":2,"name":"Industria, innovaci\u00f3n e infraestructura"}]}]}},"_links":{"self":[{"href":"https:\/\/especiales.realinstitutoelcano.org\/agenda2030\/wp-json\/wp\/v2\/pages\/1719"}],"collection":[{"href":"https:\/\/especiales.realinstitutoelcano.org\/agenda2030\/wp-json\/wp\/v2\/pages"}],"about":[{"href":"https:\/\/especiales.realinstitutoelcano.org\/agenda2030\/wp-json\/wp\/v2\/types\/page"}],"author":[{"embeddable":true,"href":"https:\/\/especiales.realinstitutoelcano.org\/agenda2030\/wp-json\/wp\/v2\/users\/1"}],"replies":[{"embeddable":true,"href":"https:\/\/especiales.realinstitutoelcano.org\/agenda2030\/wp-json\/wp\/v2\/comments?post=1719"}],"version-history":[{"count":39,"href":"https:\/\/especiales.realinstitutoelcano.org\/agenda2030\/wp-json\/wp\/v2\/pages\/1719\/revisions"}],"predecessor-version":[{"id":3765,"href":"https:\/\/especiales.realinstitutoelcano.org\/agenda2030\/wp-json\/wp\/v2\/pages\/1719\/revisions\/3765"}],"wp:attachment":[{"href":"https:\/\/especiales.realinstitutoelcano.org\/agenda2030\/wp-json\/wp\/v2\/media?parent=1719"}],"curies":[{"name":"wp","href":"https:\/\/api.w.org\/{rel}","templated":true}]}}